{"id":1642,"date":"2016-12-22T13:42:20","date_gmt":"2016-12-22T12:42:20","guid":{"rendered":"http:\/\/wordpress.p386851.webspaceconfig.de\/?page_id=1642"},"modified":"2017-01-13T14:23:42","modified_gmt":"2017-01-13T13:23:42","slug":"impressum","status":"publish","type":"page","link":"https:\/\/www.hotel-pappelhof.de\/en\/impressum\/","title":{"rendered":"Impressum"},"content":{"rendered":"<h1 style=\"text-align: center;\">Impressum &amp; Datenschutz<\/h1>\n<p style=\"text-align: center;\">Verantwortlich f\u00fcr den Inhalt der Seiten:<\/p>\n<p style=\"text-align: center;\">Hotel Pappelhof<br \/>\nAn der B 257<br \/>\n54570 Weidenbach<\/p>\n<p style=\"text-align: center;\">Inhaber und Gesch\u00e4ftsf\u00fchrer:<br \/>\nRoger Verhavert<br \/>\nTel.: 06599 810<br \/>\nTel.: 06599 600<br \/>\nFax: 06599 1257<br \/>\nE-Mail: info@hotel-pappelhof.de<br \/>\nUst.-ID-Nr.: 13\/179\/4021\/5<\/p>\n<p style=\"text-align: center;\">Bankverbindung:<br \/>\nVolksbank Bitburg eG<br \/>\nBLZ: 586 601 01<br \/>\nKonto-Nr.: 102 043 178<br \/>\nIBAN: DE97 5866 0101 0102 0431 78<br \/>\nBIC: GENODED1BIT<\/p>\n<h1 style=\"text-align: center;\">Konzeption und Realisation:<\/h1>\n<p style=\"text-align: center;\"><a href=\"http:\/\/www.konzept92.de\/\">konzept92 GmbH<\/a><br \/>\nVulkanring 3<br \/>\n54568 Gerolstein<\/p>\n<h2 style=\"text-align: center;\">Haftungshinweis:<\/h2>\n<p style=\"text-align: center;\">Trotz sorgf\u00e4ltiger inhaltlicher Kontrolle \u00fcbernehmen wir keine Haftung f\u00fcr die Inhalte externer Links.<br \/>\nF\u00fcr den Inhalt der verlinkten Seiten sind ausschlie\u00dflich deren Betreiber verantwortlich.<\/p>\n<h2 style=\"text-align: center;\">Datenschutzerkl\u00e4rung<\/h2>\n<p style=\"text-align: center;\">Die Nutzung unserer Seite ist ohne eine Angabe von personenbezogenen Daten m\u00f6glich. F\u00fcr die Nutzung einzelner Services unserer Seite k\u00f6nnen sich hierf\u00fcr abweichende Regelungen ergeben, die in diesem Falle nachstehend gesondert erl\u00e4utert werden. Ihre personenbezogenen Daten (z.B. Name, Anschrift, E-Mail, Telefonnummer, u.\u00e4.) werden von uns nur gem\u00e4\u00df den Bestimmungen des deutschen Datenschutzrechts verarbeitet. Daten sind dann personenbezogen, wenn sie eindeutig einer bestimmten nat\u00fcrlichen Person zugeordnet werden k\u00f6nnen. Die rechtlichen Grundlagen des Datenschutzes finden Sie im Bundesdatenschutzgesetz (BDSG) und dem Telemediengesetz (TMG). Nachstehende Regelungen informieren Sie insoweit \u00fcber die Art, den Umfang und Zweck der Erhebung, die Nutzung und die Verarbeitung von personenbezogenen Daten durch den Anbieter<\/p>\n<p style=\"text-align: center;\">Hotel Pappelhof<br \/>\nAn der B 257<br \/>\n54570 Weidenbach<\/p>\n<p style=\"text-align: center;\"><strong>Inhaber und Gesch\u00e4ftsf\u00fchrer:<\/strong><br \/>\nRoger Verhavert<br \/>\nTel.: 06599 810<br \/>\nTel.: 06599 600<br \/>\nFax: 06599 1257<br \/>\nE-Mail: info@hotel-pappelhof.de<\/p>\n<p style=\"text-align: center;\">Wir weisen darauf hin, dass die internetbasierte Daten\u00fcbertragung Sicherheitsl\u00fccken aufweist, ein l\u00fcckenloser Schutz vor Zugriffen durch Dritte somit unm\u00f6glich ist.<\/p>\n<h2 style=\"text-align: center;\">Kontaktm\u00f6glichkeit<\/h2>\n<p style=\"text-align: center;\">Wir bieten Ihnen auf unserer Seite die M\u00f6glichkeit, mit uns per E-Mail und\/oder \u00fcber ein Kontaktformular in Verbindung zu treten. In diesem Fall werden die vom Nutzer gemachten Angaben zum Zwecke der Bearbeitung seiner Kontaktaufnahme gespeichert. Eine Weitergabe an Dritte erfolgt nicht. Ein Abgleich der so erhobenen Daten mit Daten, die m\u00f6glicherweise durch andere Komponenten unserer Seite erhoben werden, erfolgt ebenfalls nicht.<\/p>\n<h2 style=\"text-align: center;\">Kommentarm\u00f6glichkeit<\/h2>\n<p style=\"text-align: center;\">Wir bieten Ihnen auf unserer Seite die M\u00f6glichkeit, Kommentare zu den einzelnen Beitr\u00e4gen zu hinterlassen. Hierbei wird die IP- Adresse des Verfassers\/Anschlussinhabers gespeichert. Diese Speicherung erfolgt zu unserer Sicherheit f\u00fcr den Fall, dass vom Verfasser durch seinen Kommentar hierbei in Rechte Dritter eingegriffen wird und\/oder widerrechtliche Inhalte abgesetzt werden. Somit besteht ein Eigeninteresse unsererseits an den gespeicherten Daten des Verfassers, zumal wir unter Umst\u00e4nden wegen derartigen Rechtsverletzungen belangt werden k\u00f6nnen. Eine Weitergabe an Dritte erfolgt nicht. Ein Abgleich der so erhobenen Daten mit Daten, die m\u00f6glicherweise durch andere Komponenten unserer Seite erhoben werden, erfolgt ebenfalls nicht.<\/p>\n<h2 style=\"text-align: center;\">Auskunft\/Widerruf\/L\u00f6schung<\/h2>\n<p style=\"text-align: center;\">Sie k\u00f6nnen sich aufgrund des Bundesdatenschutzgesetzes bei Fragen zur Erhebung, Verarbeitung oder Nutzung Ihrer personenbezogenen Daten und deren Berichtigung, Sperrung, L\u00f6schung oder einem Widerruf einer erteilten Einwilligung unentgeltlich an uns wenden. Wir weisen darauf hin, dass Ihnen ein Recht auf Berichtigung falscher Daten oder L\u00f6schung personenbezogener Daten zusteht, sollte diesem Anspruch keine gesetzliche Aufbewahrungspflicht entgegenstehen.<\/p>\n<p style=\"text-align: center;\">Muster-Datenschutzerkl\u00e4rung der Anwaltskanzlei Wei\u00df &amp; Partner<\/p>\n<p><center><a href=\"http:\/\/wordpress.p386851.webspaceconfig.de\/#map\"><< Zur\u00fcck<\/a><\/center>","protected":false},"excerpt":{"rendered":"<p>Impressum &amp; Datenschutz Verantwortlich f\u00fcr den Inhalt der Seiten: Hotel Pappelhof An der B 257 54570 Weidenbach Inhaber und Gesch\u00e4ftsf\u00fchrer: Roger Verhavert Tel.: 06599 810 Tel.: 06599 600 Fax: 06599 &#8230;<\/p>\n","protected":false},"author":1,"featured_media":0,"parent":0,"menu_order":0,"comment_status":"closed","ping_status":"closed","template":"template-fullwidth.php","meta":{"footnotes":""},"class_list":["post-1642","page","type-page","status-publish","hentry"],"_links":{"self":[{"href":"https:\/\/www.hotel-pappelhof.de\/en\/wp-json\/wp\/v2\/pages\/1642","targetHints":{"allow":["GET"]}}],"collection":[{"href":"https:\/\/www.hotel-pappelhof.de\/en\/wp-json\/wp\/v2\/pages"}],"about":[{"href":"https:\/\/www.hotel-pappelhof.de\/en\/wp-json\/wp\/v2\/types\/page"}],"author":[{"embeddable":true,"href":"https:\/\/www.hotel-pappelhof.de\/en\/wp-json\/wp\/v2\/users\/1"}],"replies":[{"embeddable":true,"href":"https:\/\/www.hotel-pappelhof.de\/en\/wp-json\/wp\/v2\/comments?post=1642"}],"version-history":[{"count":12,"href":"https:\/\/www.hotel-pappelhof.de\/en\/wp-json\/wp\/v2\/pages\/1642\/revisions"}],"predecessor-version":[{"id":2024,"href":"https:\/\/www.hotel-pappelhof.de\/en\/wp-json\/wp\/v2\/pages\/1642\/revisions\/2024"}],"wp:attachment":[{"href":"https:\/\/www.hotel-pappelhof.de\/en\/wp-json\/wp\/v2\/media?parent=1642"}],"curies":[{"name":"wp","href":"https:\/\/api.w.org\/{rel}","templated":true}]}}